{"id":13,"date":"2013-07-30T20:46:14","date_gmt":"2013-07-30T20:46:14","guid":{"rendered":"http:\/\/blog.kunst-werk-ingolstadt.de\/?page_id=13"},"modified":"2019-07-31T07:08:21","modified_gmt":"2019-07-31T07:08:21","slug":"uber-den-verein","status":"publish","type":"page","link":"https:\/\/kunst-werk-ingolstadt.de\/?page_id=13","title":{"rendered":"Der Verein"},"content":{"rendered":"<p>Im Februar 1994 gr\u00fcndete sich unser eingetragener Verein \u2013 Kunst und Kultur im Klenzepark e.V., dem sich bereits viele Einzelk\u00fcnstler und bestehende kulturelle Gruppierungen angeschlossen haben, der aber auch offen ist f\u00fcr jeden interessierten B\u00fcrger und neue Initiativen.<\/p>\n<p>Flankenbatterie im Klenzepark Ingolstadt<\/p>\n<p>Um nun die Flankenbatterie f\u00fcr kulturelle Zwecke nutzen zu k\u00f6nnen waren gr\u00f6\u00dfere bauliche Ma\u00dfnahmen (Heizung, Fu\u00dfb\u00f6den, Einbau des Gastronomiebetriebs, Gas- und Wasserinstallation ect.) notwendig. In einem 1. Bauabschnitt wurden bis zum Sommer 1994 die ersten 8 Tonnengew\u00f6lbe und Au\u00dfenanlagen in Angriff genommen. Die Baukosten wurden hier ma\u00dfgeblich von der Ingolst\u00e4dter Brauerei Herrnbr\u00e4u und der Stadt Ingolstadt getragen. Mit Vereinsmitteln und zahlreichen ehrenamtlichen Arbeitsstunden wurde in einem 2. Bauabschnitt der sogenannte Kopfbereich zu Arbeitsr\u00e4umen und Veranstaltungsr\u00e4umen ausgebaut. Nach der Fertigstellung des 1. Bauabschnitts ist Kunst-Werk im Klenzepark e.V. in die Flankenbatterie eingezogen.<\/p>\n<p>Die Einrichtung in der Flankenbatterie im Klenzepark Ingolstadt er\u00f6ffnet K\u00fcnstlern und Kulturinteressierten die M\u00f6glichkeit, ihre sch\u00f6pferischen Ambitionen und Kr\u00e4fte umzusetzen und zu pr\u00e4sentieren. Zu diesem Zwecke bietet der Tr\u00e4ger dieser Einrichtung&nbsp;Kunst-Werk im Klenzepark e. V. Kurse, Seminare, Offene Treffs, R\u00e4umlichkeiten und Ausstellungsm\u00f6glichkeiten sowie Veranstaltungen der darbietenden Kunst an.<\/p>\n\n\n<style id=\"bwg-style-0\">  #bwg_container1_0 {    display: table;\t\/*visibility: hidden;*\/  }  #bwg_container1_0 * {\t  -moz-user-select: none;\t  -khtml-user-select: none;\t  -webkit-user-select: none;\t  -ms-user-select: none;\t  user-select: none;  }  #bwg_container1_0 #bwg_container2_0 .bwg_slideshow_image_wrap_0 {\t  background-color: #F2F2F2;\t  width: 800px;\t  height: 500px;  }  #bwg_container1_0 #bwg_container2_0 .bwg_slideshow_image_0 {\t  max-width: 800px;\t  max-height: 410px;  }  #bwg_container1_0 #bwg_container2_0 .bwg_slideshow_embed_0 {    width: 800px;    height: 410px;  }  #bwg_container1_0 #bwg_container2_0 #bwg_slideshow_play_pause_0 {\t  background: transparent url(\"https:\/\/kunst-werk-ingolstadt.de\/wp-content\/plugins\/photo-gallery\/images\/blank.gif\") repeat scroll 0 0;  }  #bwg_container1_0 #bwg_container2_0 #bwg_slideshow_play_pause-ico_0 {    color: #D6D6D6;    font-size: 35px;  }  #bwg_container1_0 #bwg_container2_0 #bwg_slideshow_play_pause-ico_0:hover {\t  color: #BABABA;  }  #bwg_container1_0 #bwg_container2_0 #spider_slideshow_left_0,  #bwg_container1_0 #bwg_container2_0 #spider_slideshow_right_0 {\t  background: transparent url(\"https:\/\/kunst-werk-ingolstadt.de\/wp-content\/plugins\/photo-gallery\/images\/blank.gif\") repeat scroll 0 0;  }  #bwg_container1_0 #bwg_container2_0 #spider_slideshow_left-ico_0,  #bwg_container1_0 #bwg_container2_0 #spider_slideshow_right-ico_0 {\t  background-color: #FFFFFF;\t  border-radius: 20px;\t  border: 0px none #FFFFFF;\t  box-shadow: ;\t  color: #D6D6D6;\t  height: 37px;\t  font-size: 12px;\t  width: 37px;\t  opacity: 1.00;  }  #bwg_container1_0 #bwg_container2_0 #spider_slideshow_left-ico_0:hover,  #bwg_container1_0 #bwg_container2_0 #spider_slideshow_right-ico_0:hover {\t  color: #BABABA;  }      #spider_slideshow_left-ico_0{      left: -9999px;    }    #spider_slideshow_right-ico_0{      left: -9999px;    }      #bwg_container1_0 #bwg_container2_0 .bwg_slideshow_image_container_0 {\t  bottom: 90px;\t  width: 800px;\t  height: 500px;\t}\t#bwg_container1_0 #bwg_container2_0 .bwg_slideshow_filmstrip_container_0 {\t  display: table;\t  height: 90px;\t  width: 800px;\t  bottom: 0;  }  \/* Filmstrip dimension *\/  #bwg_container1_0 #bwg_container2_0 .bwg_slideshow_filmstrip_0 {\t  left: 20px;\t  width: 760px;\t  \/*z-index: 10106;*\/  }  #bwg_container1_0 #bwg_container2_0 .bwg_slideshow_filmstrip_thumbnails_0 {    left: 0px;    width: 652px;    height: 90px;  }  #bwg_container1_0 #bwg_container2_0 .bwg_slideshow_filmstrip_thumbnail_0 {    width: 161px;    height: 90px;    margin: 0px 2px 0 0 ;    border: 0px none #000000;    border-radius: 0;  }  #bwg_container1_0 #bwg_container2_0 .bwg_slideshow_thumb_active_0 {\t  border: 0px solid #FFFFFF;  }  #bwg_container1_0 #bwg_container2_0 .bwg_slideshow_thumb_deactive_0 {    opacity: 1.00;  }  #bwg_container1_0 #bwg_container2_0 .bwg_slideshow_filmstrip_left_0,  #bwg_container1_0 #bwg_container2_0 .bwg_slideshow_filmstrip_left_disabled_0 {\t  background-color: #F2F2F2;\t  display: table-cell;\t  width: 20px;\t  left: 0;\t  \t    }  #bwg_container1_0 #bwg_container2_0 .bwg_slideshow_filmstrip_right_0,  #bwg_container1_0 #bwg_container2_0 .bwg_slideshow_filmstrip_right_disabled_0 {\t  background-color: #F2F2F2;    display: table-cell;    right: 0;\t  width: 20px;\t  \t    }  #bwg_container1_0 #bwg_container2_0 .bwg_slideshow_filmstrip_left_0 i,  #bwg_container1_0 #bwg_container2_0 .bwg_slideshow_filmstrip_right_0 i,  #bwg_container1_0 #bwg_container2_0 .bwg_slideshow_filmstrip_left_disabled_0 i,  #bwg_container1_0 #bwg_container2_0 .bwg_slideshow_filmstrip_right_disabled_0 i {\t  color: #BABABA;\t  font-size: 20px;  }  #bwg_container1_0 #bwg_container2_0 .bwg_slideshow_filmstrip_left_0 {    display: none;  }  #bwg_container1_0 #bwg_container2_0 .bwg_slideshow_filmstrip_left_disabled_0,  #bwg_container1_0 #bwg_container2_0 .bwg_slideshow_filmstrip_right_disabled_0 {    display: none;    opacity: 0.3;  }  #bwg_container1_0 #bwg_container2_0 .bwg_slideshow_filmstrip_left_disabled_0 {    display: table-cell;  }  #bwg_container1_0 #bwg_container2_0 .bwg_slideshow_watermark_spun_0 {\t  text-align: left;\t  vertical-align: bottom;  }  #bwg_container1_0 #bwg_container2_0 .bwg_slideshow_title_spun_0 {\t  text-align: right;\t  vertical-align: top;  }  #bwg_container1_0 #bwg_container2_0 .bwg_slideshow_description_spun_0 {\t  text-align: right;\t  vertical-align: bottom;  }  #bwg_container1_0 #bwg_container2_0 .bwg_slideshow_watermark_image_0 {\t  max-height: 90px;\t  max-width: 90px;\t  opacity: 0.30;  }  #bwg_container1_0 #bwg_container2_0 .bwg_slideshow_watermark_text_0,  #bwg_container1_0 #bwg_container2_0 .bwg_slideshow_watermark_text_0:hover {\t  text-decoration: none;\t  margin: 4px;\t  position: relative;\t  z-index: 15;  }  #bwg_container1_0 #bwg_container2_0 .bwg_slideshow_title_text_0 {\t  font-size: 16px;\t  font-family: Ubuntu;\t  color: #FFFFFF !important;\t  opacity: 0.70;    border-radius: 5px;\t  background-color: #000000;\t  padding: 0 0 0 0;\t  \t\tmargin: 5px;\t  \t    }  #bwg_container1_0 #bwg_container2_0 .bwg_slideshow_description_text_0 {\t  font-size: 14px;\t  font-family: Ubuntu;\t  color: #FFFFFF !important;\t  opacity: 0.70;    border-radius: 0;\t  background-color: #000000;\t  padding: 5px 10px 5px 10px;\t    }  #bwg_container1_0 #bwg_container2_0 .bwg_slideshow_description_text_0 * {\ttext-decoration: none;\tcolor: #FFFFFF !important;  }  #bwg_container1_0 #bwg_container2_0 .bwg_slideshow_dots_0 {\t  width: 12px;\t  height: 12px;\t  border-radius: 5px;\t  background: #F2D22E;\t  margin: 3px;  }  #bwg_container1_0 #bwg_container2_0 .bwg_slideshow_dots_container_0 {\t  width: 800px;\t  bottom: 0;  }  #bwg_container1_0 #bwg_container2_0 .bwg_slideshow_dots_thumbnails_0 {\t  height: 18px;\t  width: 72px;  }  #bwg_container1_0 #bwg_container2_0 .bwg_slideshow_dots_active_0 {\t  background: #FFFFFF;\t  border: 1px solid #000000;  }  <\/style>    <div id=\"bwg_container1_0\"         class=\"bwg_container bwg_thumbnail bwg_slideshow \"         data-right-click-protection=\"0\"         data-bwg=\"0\"         data-scroll=\"0\"         data-gallery-type=\"slideshow\"         data-gallery-view-type=\"slideshow\"         data-current-url=\"\/index.php?rest_route=%2Fwp%2Fv2%2Fpages%2F13\"         data-lightbox-url=\"https:\/\/kunst-werk-ingolstadt.de\/wp-admin\/admin-ajax.php?action=GalleryBox&#038;current_view=0&#038;gallery_id=11&#038;tag=0&#038;theme_id=1&#038;shortcode_id=23&#038;sort_by=order&#038;order_by=asc&#038;current_url=%2Findex.php%3Frest_route%3D%252Fwp%252Fv2%252Fpages%252F13\"         data-gallery-id=\"11\"         data-popup-width=\"800\"         data-popup-height=\"500\"         data-is-album=\"gallery\"         data-buttons-position=\"bottom\">      <div id=\"bwg_container2_0\">             <div id=\"ajax_loading_0\" class=\"bwg_loading_div_1\">      <div class=\"bwg_loading_div_2\">        <div class=\"bwg_loading_div_3\">          <div id=\"loading_div_0\" class=\"bwg_spider_ajax_loading\">          <\/div>        <\/div>      <\/div>    <\/div>            <form id=\"gal_front_form_0\"              class=\"bwg-hidden\"              method=\"post\"              action=\"#\"              data-current=\"0\"              data-shortcode-id=\"23\"              data-gallery-type=\"slideshow\"              data-gallery-id=\"11\"              data-tag=\"0\"              data-album-id=\"0\"              data-theme-id=\"1\"              data-ajax-url=\"https:\/\/kunst-werk-ingolstadt.de\/wp-admin\/admin-ajax.php?action=bwg_frontend_data\">          <div id=\"bwg_container3_0\" class=\"bwg-background bwg-background-0\">              <div class=\"bwg_slideshow_image_wrap_0 bwg-slideshow-images-wrapper bwg-container\"       data-bwg=\"0\"       data-lightbox-url=\"https:\/\/kunst-werk-ingolstadt.de\/wp-admin\/admin-ajax.php?action=GalleryBox&#038;current_view=0&#038;gallery_id=11&#038;tag=0&#038;theme_id=1&#038;shortcode_id=23&#038;sort_by=order&#038;order_by=asc&#038;current_url=%2Findex.php%3Frest_route%3D%252Fwp%252Fv2%252Fpages%252F13\">          <div class=\"bwg_slideshow_filmstrip_container_0\">        <div class=\"bwg_slideshow_filmstrip_left_0\">          <i class=\"bwg-icon-angle-left\"><\/i>        <\/div>        <div class=\"bwg_slideshow_filmstrip_left_disabled_0\">          <i class=\"bwg-icon-angle-left\"><\/i>        <\/div>        <div class=\"bwg_slideshow_filmstrip_0 bwg_slideshow_filmstrip\">          <div class=\"bwg_slideshow_filmstrip_thumbnails_0\">                          <div id=\"bwg_filmstrip_thumbnail_0_0\"                class=\"bwg_slideshow_filmstrip_thumbnail_0 bwg_slideshow_thumb_active_0\"                data-style=\"width:161px; height:90px;\">                <img decoding=\"async\" class=\"bwg_filmstrip_thumbnail_img bwg_slideshow_filmstrip_thumbnail_img_0\"                  style=\"width:161px; height:120.75px; margin-left: 0px; margin-top: -15.375px;\"                  data-style=\"width:161px; height:120.75px; margin-left: 0px; margin-top: -15.375px;\"                  src=\"https:\/\/kunst-werk-ingolstadt.de\/wp-content\/uploads\/photo-gallery\/R\u00e4ume\/thumb\/Kopfbereich.jpg?bwg=1564556839\"                  data-src=\"https:\/\/kunst-werk-ingolstadt.de\/wp-content\/uploads\/photo-gallery\/R\u00e4ume\/thumb\/Kopfbereich.jpg?bwg=1564556839\"                  onclick=\"bwg_change_image(parseInt(jQuery('#bwg_current_image_key_0').val()), '0', '', '', '0')\"                  image_id=\"338\"                  image_key=\"0\"                  alt=\"Kopfbereich\"                  title=\"Kopfbereich\" \/>              <\/div>                            <div id=\"bwg_filmstrip_thumbnail_1_0\"                class=\"bwg_slideshow_filmstrip_thumbnail_0 bwg_slideshow_thumb_deactive_0\"                data-style=\"width:161px; height:90px;\">                <img decoding=\"async\" class=\"bwg_filmstrip_thumbnail_img bwg_slideshow_filmstrip_thumbnail_img_0\"                  style=\"width:161px; height:90.804px; margin-left: 0px; margin-top: -0.402px;\"                  data-style=\"width:161px; height:90.804px; margin-left: 0px; margin-top: -0.402px;\"                  src=\"https:\/\/kunst-werk-ingolstadt.de\/wp-content\/uploads\/photo-gallery\/R\u00e4ume\/thumb\/Arbeitstonne.jpg?bwg=1564556839\"                  data-src=\"https:\/\/kunst-werk-ingolstadt.de\/wp-content\/uploads\/photo-gallery\/R\u00e4ume\/thumb\/Arbeitstonne.jpg?bwg=1564556839\"                  onclick=\"bwg_change_image(parseInt(jQuery('#bwg_current_image_key_0').val()), '1', '', '', '0')\"                  image_id=\"339\"                  image_key=\"1\"                  alt=\"Arbeitstonne\"                  title=\"Arbeitstonne\" \/>              <\/div>                            <div id=\"bwg_filmstrip_thumbnail_2_0\"                class=\"bwg_slideshow_filmstrip_thumbnail_0 bwg_slideshow_thumb_deactive_0\"                data-style=\"width:161px; height:90px;\">                <img decoding=\"async\" class=\"bwg_filmstrip_thumbnail_img bwg_slideshow_filmstrip_thumbnail_img_0\"                  style=\"width:161px; height:90.804px; margin-left: 0px; margin-top: -0.402px;\"                  data-style=\"width:161px; height:90.804px; margin-left: 0px; margin-top: -0.402px;\"                  src=\"https:\/\/kunst-werk-ingolstadt.de\/wp-content\/uploads\/photo-gallery\/R\u00e4ume\/thumb\/Fotor\u00e4ume.jpg?bwg=1564556839\"                  data-src=\"https:\/\/kunst-werk-ingolstadt.de\/wp-content\/uploads\/photo-gallery\/R\u00e4ume\/thumb\/Fotor\u00e4ume.jpg?bwg=1564556839\"                  onclick=\"bwg_change_image(parseInt(jQuery('#bwg_current_image_key_0').val()), '2', '', '', '0')\"                  image_id=\"340\"                  image_key=\"2\"                  alt=\"Fotor\u00e4ume\"                  title=\"Fotor\u00e4ume\" \/>              <\/div>                            <div id=\"bwg_filmstrip_thumbnail_3_0\"                class=\"bwg_slideshow_filmstrip_thumbnail_0 bwg_slideshow_thumb_deactive_0\"                data-style=\"width:161px; height:90px;\">                <img decoding=\"async\" class=\"bwg_filmstrip_thumbnail_img bwg_slideshow_filmstrip_thumbnail_img_0\"                  style=\"width:161px; height:90.804px; margin-left: 0px; margin-top: -0.402px;\"                  data-style=\"width:161px; height:90.804px; margin-left: 0px; margin-top: -0.402px;\"                  src=\"https:\/\/kunst-werk-ingolstadt.de\/wp-content\/uploads\/photo-gallery\/R\u00e4ume\/thumb\/Kleine_Arbeitstonne.jpg?bwg=1564556839\"                  data-src=\"https:\/\/kunst-werk-ingolstadt.de\/wp-content\/uploads\/photo-gallery\/R\u00e4ume\/thumb\/Kleine_Arbeitstonne.jpg?bwg=1564556839\"                  onclick=\"bwg_change_image(parseInt(jQuery('#bwg_current_image_key_0').val()), '3', '', '', '0')\"                  image_id=\"341\"                  image_key=\"3\"                  alt=\"Kleine Arbeitstonne\"                  title=\"Kleine Arbeitstonne\" \/>              <\/div>                        <\/div>        <\/div>        <div class=\"bwg_slideshow_filmstrip_right_0\">          <i class=\"bwg-icon-angle-right\"><\/i>        <\/div>        <div class=\"bwg_slideshow_filmstrip_right_disabled_0\">          <i class=\"bwg-icon-angle-right\"><\/i>        <\/div>      <\/div>          <div id=\"bwg_slideshow_image_container_0\"         class=\"bwg_slideshow_image_container_0\"         data-params='{&quot;bwg_source&quot;:&quot;slider&quot;,&quot;bwg_current_key&quot;:&quot;&quot;,&quot;bwg_transition_duration&quot;:100,&quot;bwg_trans_in_progress&quot;:false,&quot;data&quot;:[{&quot;id&quot;:&quot;338&quot;,&quot;alt&quot;:&quot;Kopfbereich&quot;,&quot;description&quot;:&quot;&quot;,&quot;filetype&quot;:&quot;jpg&quot;,&quot;filename&quot;:&quot;Kopfbereich&quot;,&quot;image_url&quot;:&quot;\\\/R\\u00e4ume\\\/Kopfbereich.jpg?bwg=1564556839&quot;,&quot;thumb_url&quot;:&quot;\\\/R\\u00e4ume\\\/thumb\\\/Kopfbereich.jpg?bwg=1564556839&quot;,&quot;redirect_url&quot;:&quot;&quot;,&quot;date&quot;:&quot;2019-07-31 07:06:48&quot;,&quot;is_embed&quot;:false,&quot;is_embed_video&quot;:false,&quot;image_width&quot;:&quot;1200&quot;,&quot;image_height&quot;:&quot;900&quot;,&quot;thumb_width&quot;:&quot;500&quot;,&quot;thumb_height&quot;:&quot;375&quot;},{&quot;id&quot;:&quot;339&quot;,&quot;alt&quot;:&quot;Arbeitstonne&quot;,&quot;description&quot;:&quot;Aperture: 6&amp;lt;br \\\/&amp;gt;Camera: DSC-HX400V&amp;lt;br \\\/&amp;gt;Iso: 640&amp;lt;br \\\/&amp;gt;Orientation: 1&amp;lt;br \\\/&amp;gt;&quot;,&quot;filetype&quot;:&quot;jpg&quot;,&quot;filename&quot;:&quot;Arbeitstonne&quot;,&quot;image_url&quot;:&quot;\\\/R\\u00e4ume\\\/Arbeitstonne.jpg?bwg=1564556839&quot;,&quot;thumb_url&quot;:&quot;\\\/R\\u00e4ume\\\/thumb\\\/Arbeitstonne.jpg?bwg=1564556839&quot;,&quot;redirect_url&quot;:&quot;&quot;,&quot;date&quot;:&quot;2019-07-31 07:05:06&quot;,&quot;is_embed&quot;:false,&quot;is_embed_video&quot;:false,&quot;image_width&quot;:&quot;1200&quot;,&quot;image_height&quot;:&quot;676&quot;,&quot;thumb_width&quot;:&quot;500&quot;,&quot;thumb_height&quot;:&quot;282&quot;},{&quot;id&quot;:&quot;340&quot;,&quot;alt&quot;:&quot;Fotor\\u00e4ume&quot;,&quot;description&quot;:&quot;Aperture: 6&amp;lt;br \\\/&amp;gt;Camera: DSC-HX400V&amp;lt;br \\\/&amp;gt;Iso: 1600&amp;lt;br \\\/&amp;gt;Orientation: 1&amp;lt;br \\\/&amp;gt;&quot;,&quot;filetype&quot;:&quot;jpg&quot;,&quot;filename&quot;:&quot;Fotor\\u00e4ume&quot;,&quot;image_url&quot;:&quot;\\\/R\\u00e4ume\\\/Fotor\\u00e4ume.jpg?bwg=1564556839&quot;,&quot;thumb_url&quot;:&quot;\\\/R\\u00e4ume\\\/thumb\\\/Fotor\\u00e4ume.jpg?bwg=1564556839&quot;,&quot;redirect_url&quot;:&quot;&quot;,&quot;date&quot;:&quot;2019-07-31 07:05:05&quot;,&quot;is_embed&quot;:false,&quot;is_embed_video&quot;:false,&quot;image_width&quot;:&quot;1200&quot;,&quot;image_height&quot;:&quot;676&quot;,&quot;thumb_width&quot;:&quot;500&quot;,&quot;thumb_height&quot;:&quot;282&quot;},{&quot;id&quot;:&quot;341&quot;,&quot;alt&quot;:&quot;Kleine Arbeitstonne&quot;,&quot;description&quot;:&quot;Aperture: 6&amp;lt;br \\\/&amp;gt;Camera: DSC-HX400V&amp;lt;br \\\/&amp;gt;Iso: 640&amp;lt;br \\\/&amp;gt;Orientation: 1&amp;lt;br \\\/&amp;gt;&quot;,&quot;filetype&quot;:&quot;jpg&quot;,&quot;filename&quot;:&quot;Kleine_Arbeitstonne&quot;,&quot;image_url&quot;:&quot;\\\/R\\u00e4ume\\\/Kleine_Arbeitstonne.jpg?bwg=1564556839&quot;,&quot;thumb_url&quot;:&quot;\\\/R\\u00e4ume\\\/thumb\\\/Kleine_Arbeitstonne.jpg?bwg=1564556839&quot;,&quot;redirect_url&quot;:&quot;&quot;,&quot;date&quot;:&quot;2019-07-31 07:05:05&quot;,&quot;is_embed&quot;:false,&quot;is_embed_video&quot;:false,&quot;image_width&quot;:&quot;1200&quot;,&quot;image_height&quot;:&quot;676&quot;,&quot;thumb_width&quot;:&quot;500&quot;,&quot;thumb_height&quot;:&quot;282&quot;}],&quot;width_or_height&quot;:&quot;width&quot;,&quot;filmstrip_thumb_margin_hor&quot;:2,&quot;left_or_top&quot;:&quot;left&quot;,&quot;outerWidth_or_outerHeight&quot;:&quot;outerWidth&quot;,&quot;enable_slideshow_shuffle&quot;:&quot;0&quot;,&quot;lightbox_filmstrip_thumb_border_width&quot;:&quot;1&quot;,&quot;thumb_click_action&quot;:&quot;open_lightbox&quot;,&quot;thumb_link_target&quot;:&quot;1&quot;,&quot;upload_url&quot;:&quot;https:\\\/\\\/kunst-werk-ingolstadt.de\\\/wp-content\\\/uploads\\\/photo-gallery&quot;,&quot;preload_images&quot;:&quot;1&quot;,&quot;slideshow_effect&quot;:&quot;fade&quot;,&quot;event_stack&quot;:&quot;&quot;,&quot;preload_images_count&quot;:10,&quot;image_width&quot;:&quot;800&quot;,&quot;image_height&quot;:&quot;500&quot;,&quot;thumb_width&quot;:&quot;250&quot;,&quot;thumb_height&quot;:&quot;140&quot;,&quot;filmstrip_direction&quot;:&quot;horizontal&quot;,&quot;slideshow_filmstrip_type&quot;:1,&quot;slideshow_thumbnails_count&quot;:5,&quot;slideshow_filmstrip_width&quot;:161,&quot;slideshow_filmstrip_height&quot;:90,&quot;slideshow_filmstrip_rl_btn_size&quot;:&quot;20&quot;,&quot;slideshow_play_pause_btn_size&quot;:&quot;35&quot;,&quot;watermark_type&quot;:&quot;90&quot;,&quot;watermark_height&quot;:&quot;90&quot;,&quot;watermark_font_size&quot;:&quot;20&quot;,&quot;slideshow_title_font_size&quot;:&quot;16&quot;,&quot;slideshow_description_font_size&quot;:&quot;14&quot;,&quot;bwg_playInterval&quot;:&quot;&quot;,&quot;slideshow_interval&quot;:5,&quot;image_right_click&quot;:&quot;0&quot;,&quot;enable_slideshow_autoplay&quot;:&quot;0&quot;,&quot;enable_slideshow_music&quot;:&quot;0&quot;,&quot;bwg_current_filmstrip_pos&quot;:0}'         data-filmstrip-position=\"bottom\"         data-filmstrip-size=\"90\">      <div class=\"bwg_slide_container_0\">        <div class=\"bwg_slide_bg_0\">          <div class=\"bwg_slider_0\">                            <span class=\"bwg_slideshow_image_spun_0\" id=\"image_id_0_338\">                    <span class=\"bwg_slideshow_image_spun1_0\">                      <span class=\"bwg_slideshow_image_spun2_0\">                                                  <a  class=\"bwg-a bwg_lightbox\" href=\"https:\/\/kunst-werk-ingolstadt.de\/wp-content\/uploads\/photo-gallery\/R\u00e4ume\/Kopfbereich.jpg?bwg=1564556839\" data-image-id=\"338\" data-elementor-open-lightbox=\"no\">                          <img decoding=\"async\" id=\"bwg_slideshow_image_0\"                               class=\"skip-lazy bwg_slide bwg_slideshow_image_0 \"                               src=\"https:\/\/kunst-werk-ingolstadt.de\/wp-content\/uploads\/photo-gallery\/R\u00e4ume\/Kopfbereich.jpg?bwg=1564556839\"                               data-src=\"https:\/\/kunst-werk-ingolstadt.de\/wp-content\/uploads\/photo-gallery\/R\u00e4ume\/Kopfbereich.jpg?bwg=1564556839\"                               image_id=\"338\"                               alt=\"Kopfbereich\" \/>                          <\/a>                                                <\/span>                    <\/span>                  <\/span>                <span class=\"bwg_slideshow_image_second_spun_0\">                  <\/span>                <input type=\"hidden\" id=\"bwg_current_image_key_0\" value=\"0\" \/>                          <\/div>        <\/div>      <\/div>              <a class=\"bwg-a\" id=\"spider_slideshow_left_0\" onclick=\"bwg_change_image(parseInt(jQuery('#bwg_current_image_key_0').val()), (parseInt(jQuery('#bwg_current_image_key_0').val()) + 4 - bwg_iterator(0)) % 4, '', '', 0); return false;\"><span id=\"spider_slideshow_left-ico_0\"><span><i class=\"bwg-icon-chevron-left bwg_slideshow_prev_btn_0\"><\/i><\/span><\/span><\/a>        <span id=\"bwg_slideshow_play_pause_0\" class=\"bwg_slideshow_play_pause\" style=\"display: ;\"><span><span id=\"bwg_slideshow_play_pause-ico_0\"><i class=\"bwg-icon-play bwg_ctrl_btn_0 bwg_slideshow_play_pause_0\"><\/i><\/span><\/span><\/span>        <a class=\"bwg-a\" id=\"spider_slideshow_right_0\" onclick=\"bwg_change_image(parseInt(jQuery('#bwg_current_image_key_0').val()), (parseInt(jQuery('#bwg_current_image_key_0').val()) + bwg_iterator(0)) % 4, '', '', 0); return false;\"><span id=\"spider_slideshow_right-ico_0\"><span><i class=\"bwg-icon-chevron-right bwg_slideshow_next_btn_0\"><\/i><\/span><\/span><\/a>            <\/div>      <\/div>            <\/div>        <\/form>        <style>          #bwg_container1_0 #bwg_container2_0 #spider_popup_overlay_0 {          background-color: #EEEEEE;          opacity: 0.60;          }          <\/style>        <div id=\"bwg_spider_popup_loading_0\" class=\"bwg_spider_popup_loading\"><\/div>        <div id=\"spider_popup_overlay_0\" class=\"spider_popup_overlay\" onclick=\"spider_destroypopup(1000)\"><\/div>        <input type=\"hidden\" id=\"bwg_random_seed_0\" value=\"682099746\">                <\/div>    <\/div>    <script>      if (document.readyState === 'complete') {        if( typeof bwg_main_ready == 'function' ) {          if ( jQuery(\"#bwg_container1_0\").height() ) {            bwg_main_ready(jQuery(\"#bwg_container1_0\"));          }        }      } else {        document.addEventListener('DOMContentLoaded', function() {          if( typeof bwg_main_ready == 'function' ) {            if ( jQuery(\"#bwg_container1_0\").height() ) {             bwg_main_ready(jQuery(\"#bwg_container1_0\"));            }          }        });      }    <\/script>    \n","protected":false},"excerpt":{"rendered":"<p>Im Februar 1994 gr\u00fcndete sich unser eingetragener Verein \u2013 Kunst und Kultur im Klenzepark e.V., dem sich bereits viele Einzelk\u00fcnstler und bestehende kulturelle Gruppierungen angeschlossen haben, der aber auch offen ist f\u00fcr jeden interessierten B\u00fcrger und neue Initiativen. Flankenbatterie im &hellip; <a class=\"more-link\" href=\"https:\/\/kunst-werk-ingolstadt.de\/?page_id=13\">Weiterlesen <span class=\"meta-nav\">&rarr;<\/span><\/a><\/p>\n","protected":false},"author":2,"featured_media":0,"parent":0,"menu_order":2,"comment_status":"closed","ping_status":"closed","template":"","meta":{"footnotes":""},"class_list":["post-13","page","type-page","status-publish","hentry"],"_links":{"self":[{"href":"https:\/\/kunst-werk-ingolstadt.de\/index.php?rest_route=\/wp\/v2\/pages\/13","targetHints":{"allow":["GET"]}}],"collection":[{"href":"https:\/\/kunst-werk-ingolstadt.de\/index.php?rest_route=\/wp\/v2\/pages"}],"about":[{"href":"https:\/\/kunst-werk-ingolstadt.de\/index.php?rest_route=\/wp\/v2\/types\/page"}],"author":[{"embeddable":true,"href":"https:\/\/kunst-werk-ingolstadt.de\/index.php?rest_route=\/wp\/v2\/users\/2"}],"replies":[{"embeddable":true,"href":"https:\/\/kunst-werk-ingolstadt.de\/index.php?rest_route=%2Fwp%2Fv2%2Fcomments&post=13"}],"version-history":[{"count":8,"href":"https:\/\/kunst-werk-ingolstadt.de\/index.php?rest_route=\/wp\/v2\/pages\/13\/revisions"}],"predecessor-version":[{"id":777,"href":"https:\/\/kunst-werk-ingolstadt.de\/index.php?rest_route=\/wp\/v2\/pages\/13\/revisions\/777"}],"wp:attachment":[{"href":"https:\/\/kunst-werk-ingolstadt.de\/index.php?rest_route=%2Fwp%2Fv2%2Fmedia&parent=13"}],"curies":[{"name":"wp","href":"https:\/\/api.w.org\/{rel}","templated":true}]}}