{"id":196,"date":"2013-12-29T23:43:19","date_gmt":"2013-12-29T23:43:19","guid":{"rendered":"http:\/\/blog.kunst-werk-ingolstadt.de\/?page_id=196"},"modified":"2018-10-11T06:13:27","modified_gmt":"2018-10-11T06:13:27","slug":"anfahrt","status":"publish","type":"page","link":"https:\/\/kunst-werk-ingolstadt.de\/?page_id=196","title":{"rendered":"Anfahrt"},"content":{"rendered":"<p>Auf der s\u00fcdliche Ringstra\u00dfe die Abfahrt an der Schillerbr\u00fccke s\u00fcdlich der Donau nehmen. Gleich wieder links abbiegen zu den Parkpl\u00e4tzen an der Donau, neben der Donautherme Wonnemar. Von dort aus unterquert ein Fu\u00dfweg die Eisenbahnbr\u00fccke. Ca. 150m hinter der Br\u00fccke befindet sich das historische Backsteingeb\u00e4ude\u00a0der Flankenbatterie mit den R\u00e4umen des Vereins sowie der G\u00e4stst\u00e4tte KiK.<\/p>\n<p><iframe loading=\"lazy\" style=\"border: 0;\" src=\"https:\/\/www.google.com\/maps\/embed?pb=!1m14!1m8!1m3!1d2629.9456673253367!2d11.438228372485979!3d48.763833873849066!3m2!1i1024!2i768!4f13.1!3m3!1m2!1s0x479effacfbeacfa3%3A0x58d3e1a497133be7!2sKunst-Werk+im+Klenzepark+e.V.!5e0!3m2!1sde!2s!4v1397512001169\" width=\"400\" height=\"300\" frameborder=\"0\"><\/iframe><\/p>\n","protected":false},"excerpt":{"rendered":"<p>Auf der s\u00fcdliche Ringstra\u00dfe die Abfahrt an der Schillerbr\u00fccke s\u00fcdlich der Donau nehmen. Gleich wieder links abbiegen zu den Parkpl\u00e4tzen an der Donau, neben der Donautherme Wonnemar. Von dort aus unterquert ein Fu\u00dfweg die Eisenbahnbr\u00fccke. Ca. 150m hinter der Br\u00fccke &hellip; <a class=\"more-link\" href=\"https:\/\/kunst-werk-ingolstadt.de\/?page_id=196\">Weiterlesen <span class=\"meta-nav\">&rarr;<\/span><\/a><\/p>\n","protected":false},"author":2,"featured_media":0,"parent":13,"menu_order":8,"comment_status":"closed","ping_status":"closed","template":"","meta":{"footnotes":""},"class_list":["post-196","page","type-page","status-publish","hentry"],"_links":{"self":[{"href":"https:\/\/kunst-werk-ingolstadt.de\/index.php?rest_route=\/wp\/v2\/pages\/196","targetHints":{"allow":["GET"]}}],"collection":[{"href":"https:\/\/kunst-werk-ingolstadt.de\/index.php?rest_route=\/wp\/v2\/pages"}],"about":[{"href":"https:\/\/kunst-werk-ingolstadt.de\/index.php?rest_route=\/wp\/v2\/types\/page"}],"author":[{"embeddable":true,"href":"https:\/\/kunst-werk-ingolstadt.de\/index.php?rest_route=\/wp\/v2\/users\/2"}],"replies":[{"embeddable":true,"href":"https:\/\/kunst-werk-ingolstadt.de\/index.php?rest_route=%2Fwp%2Fv2%2Fcomments&post=196"}],"version-history":[{"count":7,"href":"https:\/\/kunst-werk-ingolstadt.de\/index.php?rest_route=\/wp\/v2\/pages\/196\/revisions"}],"predecessor-version":[{"id":604,"href":"https:\/\/kunst-werk-ingolstadt.de\/index.php?rest_route=\/wp\/v2\/pages\/196\/revisions\/604"}],"up":[{"embeddable":true,"href":"https:\/\/kunst-werk-ingolstadt.de\/index.php?rest_route=\/wp\/v2\/pages\/13"}],"wp:attachment":[{"href":"https:\/\/kunst-werk-ingolstadt.de\/index.php?rest_route=%2Fwp%2Fv2%2Fmedia&parent=196"}],"curies":[{"name":"wp","href":"https:\/\/api.w.org\/{rel}","templated":true}]}}