{"id":47,"date":"2013-08-08T21:18:04","date_gmt":"2013-08-08T21:18:04","guid":{"rendered":"http:\/\/blog.kunst-werk-ingolstadt.de\/?page_id=47"},"modified":"2026-03-25T08:00:57","modified_gmt":"2026-03-25T08:00:57","slug":"kursprogramm","status":"publish","type":"page","link":"https:\/\/kunst-werk-ingolstadt.de\/?page_id=47","title":{"rendered":"Kursprogramm"},"content":{"rendered":"<p>Wie bieten in unseren R\u00e4umen verschiedene Kurse f\u00fcr Jung und Alt aus allen Bereichen der Kunst an. St\u00f6bern Sie doch in unserem Kursprogramm, dort finden Sie auch die Details zur Anmeldung. Ein Kursanmeldeformular kann auch direkt hier heruntergeladen werden.<\/p>\n<p><strong>Bei Interesse an den &#8222;offenen Treffen&#8220; muss vorher mit dem Ansprechpartner\/der Ansprechpartnerin Kontakt aufgenommen werden. Diese Treffen finden nur nach vorheriger Anmeldung statt.<\/strong><\/p>\n<p><a href=\"https:\/\/www.kunst-werk-ingolstadt.de\/wp-content\/uploads\/2022\/02\/Anmeldung.pdf\" target=\"_blank\" rel=\"noopener\"><span style=\"color: #ff6600;\">Link: Anmeldung Kurse<\/span><\/a><\/p>\n<p><strong>Mitglieder erhalten 20% Rabatt auf alle Kursgeb\u00fchren f\u00fcr einen sehr g\u00fcnstigen Jahresbeitrag!<\/strong><\/p>\n<p style=\"padding-left: 30px;\">\n\n\n<div data-wp-interactive=\"core\/file\" class=\"wp-block-file\"><object data-wp-bind--hidden=\"!state.hasPdfPreview\" hidden class=\"wp-block-file__embed\" data=\"https:\/\/kunst-werk-ingolstadt.de\/wp-content\/uploads\/2026\/03\/Kursprogramm-SS26-25.03.26.pdf\" type=\"application\/pdf\" style=\"width:100%;height:600px\" aria-label=\"Einbettung von Kursprogramm SS26-25.03.26.\"><\/object><a id=\"wp-block-file--media-f90b87ec-2db5-4192-83c5-aa4157d204ab\" href=\"https:\/\/kunst-werk-ingolstadt.de\/wp-content\/uploads\/2026\/03\/Kursprogramm-SS26-25.03.26.pdf\">Kursprogramm SS26-25.03.26<\/a><a href=\"https:\/\/kunst-werk-ingolstadt.de\/wp-content\/uploads\/2026\/03\/Kursprogramm-SS26-25.03.26.pdf\" class=\"wp-block-file__button wp-element-button\" download aria-describedby=\"wp-block-file--media-f90b87ec-2db5-4192-83c5-aa4157d204ab\">Herunterladen<\/a><\/div>\n\n\n\n<p><\/p>\n","protected":false},"excerpt":{"rendered":"<p>Wie bieten in unseren R\u00e4umen verschiedene Kurse f\u00fcr Jung und Alt aus allen Bereichen der Kunst an. St\u00f6bern Sie doch in unserem Kursprogramm, dort finden Sie auch die Details zur Anmeldung. Ein Kursanmeldeformular kann auch direkt hier heruntergeladen werden. Bei &hellip; <a class=\"more-link\" href=\"https:\/\/kunst-werk-ingolstadt.de\/?page_id=47\">Weiterlesen <span class=\"meta-nav\">&rarr;<\/span><\/a><\/p>\n","protected":false},"author":2,"featured_media":0,"parent":0,"menu_order":4,"comment_status":"closed","ping_status":"closed","template":"","meta":{"footnotes":""},"class_list":["post-47","page","type-page","status-publish","hentry"],"_links":{"self":[{"href":"https:\/\/kunst-werk-ingolstadt.de\/index.php?rest_route=\/wp\/v2\/pages\/47","targetHints":{"allow":["GET"]}}],"collection":[{"href":"https:\/\/kunst-werk-ingolstadt.de\/index.php?rest_route=\/wp\/v2\/pages"}],"about":[{"href":"https:\/\/kunst-werk-ingolstadt.de\/index.php?rest_route=\/wp\/v2\/types\/page"}],"author":[{"embeddable":true,"href":"https:\/\/kunst-werk-ingolstadt.de\/index.php?rest_route=\/wp\/v2\/users\/2"}],"replies":[{"embeddable":true,"href":"https:\/\/kunst-werk-ingolstadt.de\/index.php?rest_route=%2Fwp%2Fv2%2Fcomments&post=47"}],"version-history":[{"count":96,"href":"https:\/\/kunst-werk-ingolstadt.de\/index.php?rest_route=\/wp\/v2\/pages\/47\/revisions"}],"predecessor-version":[{"id":1539,"href":"https:\/\/kunst-werk-ingolstadt.de\/index.php?rest_route=\/wp\/v2\/pages\/47\/revisions\/1539"}],"wp:attachment":[{"href":"https:\/\/kunst-werk-ingolstadt.de\/index.php?rest_route=%2Fwp%2Fv2%2Fmedia&parent=47"}],"curies":[{"name":"wp","href":"https:\/\/api.w.org\/{rel}","templated":true}]}}