{"id":512,"date":"2018-08-06T19:28:29","date_gmt":"2018-08-06T19:28:29","guid":{"rendered":"http:\/\/blog.kunst-werk-ingolstadt.de\/?page_id=512"},"modified":"2023-03-27T09:49:05","modified_gmt":"2023-03-27T09:49:05","slug":"datenschutzerklaerung","status":"publish","type":"page","link":"https:\/\/kunst-werk-ingolstadt.de\/?page_id=512","title":{"rendered":"Datenschutz"},"content":{"rendered":"<p>Verantwortliche Stelle im Sinne der Datenschutzgesetze, insbesondere der EU-Datenschutzgrundverordnung (DSGVO), ist:<\/p>\n<p>Dietmar Hermann<br \/>\nverwaltung@kunst-werk-ingolstadt.de<\/p>\n<h2>Ihre Betroffenenrechte<\/h2>\n<p>Unter den angegebenen Kontaktdaten unseres Datenschutzbeauftragten k\u00f6nnen Sie jederzeit folgende Rechte aus\u00fcben:<\/p>\n<ul>\n<li>Auskunft \u00fcber Ihre bei uns gespeicherten Daten und deren Verarbeitung (Art. 15 DSGVO),<\/li>\n<li>Berichtigung unrichtiger personenbezogener Daten (Art. 16 DSGVO),<\/li>\n<li>L\u00f6schung Ihrer bei uns gespeicherten Daten (Art. 17 DSGVO),<\/li>\n<li>Einschr\u00e4nkung der Datenverarbeitung, sofern wir Ihre Daten aufgrund gesetzlicher Pflichten noch nicht l\u00f6schen d\u00fcrfen (Art. 18 DSGVO),<\/li>\n<li>Widerspruch gegen die Verarbeitung Ihrer Daten bei uns (Art. 21 DSGVO) und<\/li>\n<li>Daten\u00fcbertragbarkeit, sofern Sie in die Datenverarbeitung eingewilligt haben oder einen Vertrag mit uns abgeschlossen haben (Art. 20 DSGVO).<\/li>\n<\/ul>\n<p>Sofern Sie uns eine Einwilligung erteilt haben, k\u00f6nnen Sie diese jederzeit mit Wirkung f\u00fcr die Zukunft widerrufen.<\/p>\n<p>Sie k\u00f6nnen sich jederzeit mit einer Beschwerde an eine Aufsichtsbeh\u00f6rde wenden, z. B. an die zust\u00e4ndige Aufsichtsbeh\u00f6rde des Bundeslands Ihres Wohnsitzes oder an die f\u00fcr uns als verantwortliche Stelle zust\u00e4ndige Beh\u00f6rde.<\/p>\n<p>Eine Liste der Aufsichtsbeh\u00f6rden (f\u00fcr den nicht\u00f6ffentlichen Bereich) mit Anschrift finden Sie unter: <a href=\"https:\/\/www.bfdi.bund.de\/DE\/Infothek\/Anschriften_Links\/anschriften_links-node.html\" target=\"_blank\" rel=\"nofollow noopener\">https:\/\/www.bfdi.bund.de\/DE\/Infothek\/Anschriften_Links\/anschriften_links-node.html<\/a>.<\/p>\n<h2>Erfassung allgemeiner Informationen beim Besuch unserer Website<\/h2>\n<h3>Art und Zweck der Verarbeitung:<\/h3>\n<p>Wenn Sie auf unsere Website zugreifen, d.h., wenn Sie sich nicht registrieren oder anderweitig Informationen \u00fcbermitteln, werden automatisch Informationen allgemeiner Natur erfasst. Diese Informationen (Server-Logfiles) beinhalten etwa die Art des Webbrowsers, das verwendete Betriebssystem, den Domainnamen Ihres Internet-Service-Providers, Ihre IP-Adresse und \u00e4hnliches. Hierbei handelt es sich ausschlie\u00dflich um Informationen, welche keine R\u00fcckschl\u00fcsse auf Ihre Person zulassen.<\/p>\n<p>Sie werden insbesondere zu folgenden Zwecken verarbeitet:<\/p>\n<ul>\n<li>Sicherstellung eines problemlosen Verbindungsaufbaus der Website,<\/li>\n<li>Sicherstellung einer reibungslosen Nutzung unserer Website,<\/li>\n<li>Auswertung der Systemsicherheit und -stabilit\u00e4t sowie<\/li>\n<li>zu weiteren administrativen Zwecken.<\/li>\n<\/ul>\n<p>Wir verwenden Ihre Daten nicht, um R\u00fcckschl\u00fcsse auf Ihre Person zu ziehen. Informationen dieser Art werden von uns ggfs. statistisch ausgewertet, um unseren Internetauftritt und die dahinterstehende Technik zu optimieren.<\/p>\n<h3>Rechtsgrundlage:<\/h3>\n<p>Die Verarbeitung erfolgt gem\u00e4\u00df Art. 6 Abs. 1 lit. f DSGVO auf Basis unseres berechtigten Interesses an der Verbesserung der Stabilit\u00e4t und Funktionalit\u00e4t unserer Website.<\/p>\n<h3>Empf\u00e4nger:<\/h3>\n<p>Empf\u00e4nger der Daten sind ggf. technische Dienstleister, die f\u00fcr den Betrieb und die Wartung unserer Webseite als Auftragsverarbeiter t\u00e4tig werden.<\/p>\n<h3>Speicherdauer:<\/h3>\n<p>Die Daten werden gel\u00f6scht, sobald diese f\u00fcr den Zweck der Erhebung nicht mehr erforderlich sind. Dies ist f\u00fcr die Daten, die der Bereitstellung der Webseite dienen, grunds\u00e4tzlich der Fall, wenn die jeweilige Sitzung beendet ist.<\/p>\n<h3>Bereitstellung vorgeschrieben oder erforderlich:<\/h3>\n<p>Die Bereitstellung der vorgenannten personenbezogenen Daten ist weder gesetzlich noch vertraglich vorgeschrieben. Ohne die IP-Adresse ist jedoch der Dienst und die Funktionsf\u00e4higkeit unserer Website nicht gew\u00e4hrleistet. Zudem k\u00f6nnen einzelne Dienste und Services nicht verf\u00fcgbar oder eingeschr\u00e4nkt sein. Aus diesem Grund ist ein Widerspruch ausgeschlossen.<\/p>\n<h2>Kontaktformular<\/h2>\n<h3>Art und Zweck der Verarbeitung:<\/h3>\n<p>Die von Ihnen eingegebenen Daten werden zum Zweck der individuellen Kommunikation mit Ihnen gespeichert. Hierf\u00fcr ist die Angabe einer validen E-Mail-Adresse sowie Ihres Namens erforderlich. Diese dient der Zuordnung der Anfrage und der anschlie\u00dfenden Beantwortung derselben. Die Angabe weiterer Daten ist optional.<\/p>\n<h3>Rechtsgrundlage:<\/h3>\n<p>Die Verarbeitung der in das Kontaktformular eingegebenen Daten erfolgt auf der Grundlage eines berechtigten Interesses (Art 6 Abs. 1 lit. f DSGVO).<\/p>\n<p>Durch Bereitstellung des Kontaktformulars m\u00f6chten wir Ihnen eine unkomplizierte Kontaktaufnahme erm\u00f6glichen. Ihre gemachten Angaben werden zum Zwecke der Bearbeitung der Anfrage sowie f\u00fcr m\u00f6gliche Anschlussfragen gespeichert.<\/p>\n<p>Sofern Sie mit uns Kontakt aufnehmen, um ein Angebot zu erfragen, erfolgt die Verarbeitung der in das Kontaktformular eingegebenen Daten zur Durchf\u00fchrung vorvertraglicher Ma\u00dfnahmen (Art 6 Abs. 1 lit. b DSGVO).<\/p>\n<h3>Empf\u00e4nger:<\/h3>\n<p>Empf\u00e4nger der Daten sind ggf. Auftragsverarbeiter.<\/p>\n<h3>Speicherdauer:<\/h3>\n<p>Daten werden sp\u00e4testens 6 Monate nach Bearbeitung der Anfrage gel\u00f6scht.<\/p>\n<p>Sofern es zu einem Vertragsverh\u00e4ltnis kommt, unterliegen wir den gesetzlichen Aufbewahrungsfristen nach HGB und l\u00f6schen Ihre Daten nach Ablauf dieser Fristen.<\/p>\n<h3>Bereitstellung vorgeschrieben oder erforderlich:<\/h3>\n<p>Die Bereitstellung Ihrer personenbezogenen Daten erfolgt freiwillig. Wir k\u00f6nnen Ihre Anfrage jedoch nur bearbeiten, sofern Sie uns Ihren Namen, Ihre E-Mail-Adresse und den Grund der Anfrage mitteilen.<\/p>\n<h2>Verwendung von Google Analytics<\/h2>\n<h3>Art und Zweck der Verarbeitung:<\/h3>\n<p>Diese Website benutzt Google Analytics, einen Webanalysedienst der Google LLC, 1600 Amphitheatre Parkway, Mountain View, CA 94043 USA (nachfolgend: \u201eGoogle\u201c). Google Analytics verwendet sog. \u201eCookies\u201c, also Textdateien, die auf Ihrem Computer gespeichert werden und die eine Analyse der Benutzung der Webseite durch Sie erm\u00f6glichen. Die durch das Cookie erzeugten Informationen \u00fcber Ihre Benutzung dieser Webseite werden in der Regel an einen Server von Google in den USA \u00fcbertragen und dort gespeichert. Aufgrund der Aktivierung der IP-Anonymisierung auf diesen Webseiten, wird Ihre IP-Adresse von Google jedoch innerhalb von Mitgliedstaaten der Europ\u00e4ischen Union oder in anderen Vertragsstaaten des Abkommens \u00fcber den Europ\u00e4ischen Wirtschaftsraum zuvor gek\u00fcrzt. Nur in Ausnahmef\u00e4llen wird die volle IP-Adresse an einen Server von Google in den USA \u00fcbertragen und dort gek\u00fcrzt. Im Auftrag des Betreibers dieser Website wird Google diese Informationen benutzen, um Ihre Nutzung der Webseite auszuwerten, um Reports \u00fcber die Webseitenaktivit\u00e4ten zusammenzustellen und um weitere mit der Websitenutzung und der Internetnutzung verbundene Dienstleistungen gegen\u00fcber dem Webseitenbetreiber zu erbringen. Die im Rahmen von Google Analytics von Ihrem Browser \u00fcbermittelte IP-Adresse wird nicht mit anderen Daten von Google zusammengef\u00fchrt.<\/p>\n<p>Die Zwecke der Datenverarbeitung liegen in der Auswertung der Nutzung der Website und in der Zusammenstellung von Reports \u00fcber Aktivit\u00e4ten auf der Website. Auf Grundlage der Nutzung der Website und des Internets sollen dann weitere verbundene Dienstleistungen erbracht werden.<\/p>\n<h3>Rechtsgrundlage:<\/h3>\n<p>Die Verarbeitung der Daten erfolgt auf Grundlage einer Einwilligung des Nutzers (Art. 6 Abs. 1 lit. a DSGVO).<\/p>\n<h3>Empf\u00e4nger:<\/h3>\n<p>Empf\u00e4nger der Daten ist Google als Auftragsverarbeiter. Hierf\u00fcr haben wir mit Google den entsprechenden Auftragsverarbeitungsvertrag abgeschlossen.<\/p>\n<h3>Speicherdauer:<\/h3>\n<p>Die L\u00f6schung der Daten erfolgt, sobald diese f\u00fcr unsere Aufzeichnungszwecke nicht mehr erforderlich sind.<\/p>\n<h3>Drittlandtransfer:<\/h3>\n<p>Google verarbeitet Ihre Daten in den USA und hat sich dem EU_US Privacy Shield unterworfen <a href=\"https:\/\/www.privacyshield.gov\/EU-US-Framework\">https:\/\/www.privacyshield.gov\/EU-US-Framework<\/a>. Au\u00dferdem haben wir Standarddatenschutzklauseln mit Google f\u00fcr den Einsatz von Google Analytics abgeschlossen.<\/p>\n<h3>Bereitstellung vorgeschrieben oder erforderlich:<\/h3>\n<p>Die Bereitstellung Ihrer personenbezogenen Daten erfolgt freiwillig, allein auf Basis Ihrer Einwilligung. Sofern Sie den Zugriff unterbinden, kann es hierdurch zu Funktionseinschr\u00e4nkungen auf der Website kommen.<\/p>\n<h3>Widerruf der Einwilligung:<\/h3>\n<p>Sie k\u00f6nnen die Speicherung der Cookies durch eine entsprechende Einstellung Ihrer Browser-Software verhindern; wir weisen Sie jedoch darauf hin, dass Sie in diesem Fall gegebenenfalls nicht s\u00e4mtliche Funktionen dieser Website vollumf\u00e4nglich werden nutzen k\u00f6nnen. Sie k\u00f6nnen dar\u00fcber hinaus die Erfassung der durch das Cookie erzeugten und auf Ihre Nutzung der Webseite bezogenen Daten (inkl. Ihrer IP-Adresse) an Google sowie die Verarbeitung dieser Daten durch Google verhindern, indem sie das unter dem folgenden Link verf\u00fcgbare Browser-Plugin herunterladen und installieren: <a href=\"http:\/\/tools.google.com\/dlpage\/gaoptout?hl=de\">Browser Add On zur Deaktivierung von Google Analytics<\/a>.<\/p>\n<p>Zus\u00e4tzlich oder als Alternative zum Browser-Add-On k\u00f6nnen Sie das Tracking durch Google Analytics auf unseren Seiten unterbinden, indem Sie <a title=\"Google Analytics Opt-Out-Cookie setzen\" href=\"#\">diesen Link anklicken<\/a>. Dabei wird ein Opt-out-Cookie auf Ihrem Ger\u00e4t installiert. Damit wird die Erfassung durch Google Analytics f\u00fcr diese Website und f\u00fcr diesen Browser zuk\u00fcnftig verhindert, so lange das Cookie in Ihrem Browser installiert bleibt.<\/p>\n<h3>Profiling:<\/h3>\n<p>Mit Hilfe des Tracking-Tools Google Analytics kann das Verhalten der Besucher der Webseite bewertet und die Interessen analysiert werden. Hierzu erstellen wir ein pseudonymes Nutzerprofil.<\/p>\n<h2>\u00c4nderung unserer Datenschutzbestimmungen<\/h2>\n<p>Wir behalten uns vor, diese Datenschutzerkl\u00e4rung anzupassen, damit sie stets den aktuellen rechtlichen Anforderungen entspricht oder um \u00c4nderungen unserer Leistungen in der Datenschutzerkl\u00e4rung umzusetzen, z.B. bei der Einf\u00fchrung neuer Services. F\u00fcr Ihren erneuten Besuch gilt dann die neue Datenschutzerkl\u00e4rung.<\/p>\n<p><em>Die Datenschutzerkl\u00e4rung wurde mit dem <\/em><em><a href=\"https:\/\/www.activemind.de\/datenschutz\/datenschutzhinweis-generator\/\" target=\"_blank\" rel=\"noopener\">Datenschutzerkl\u00e4rungs-Generator der activeMind AG erstellt<\/a> (Version 2018-06-22).<\/em><\/p>\n","protected":false},"excerpt":{"rendered":"<p>Verantwortliche Stelle im Sinne der Datenschutzgesetze, insbesondere der EU-Datenschutzgrundverordnung (DSGVO), ist: Dietmar Hermann verwaltung@kunst-werk-ingolstadt.de Ihre Betroffenenrechte Unter den angegebenen Kontaktdaten unseres Datenschutzbeauftragten k\u00f6nnen Sie jederzeit folgende Rechte aus\u00fcben: Auskunft \u00fcber Ihre bei uns gespeicherten Daten und deren Verarbeitung (Art. 15 &hellip; <a class=\"more-link\" href=\"https:\/\/kunst-werk-ingolstadt.de\/?page_id=512\">Weiterlesen <span class=\"meta-nav\">&rarr;<\/span><\/a><\/p>\n","protected":false},"author":2,"featured_media":0,"parent":0,"menu_order":49,"comment_status":"closed","ping_status":"closed","template":"","meta":{"footnotes":""},"class_list":["post-512","page","type-page","status-publish","hentry"],"_links":{"self":[{"href":"https:\/\/kunst-werk-ingolstadt.de\/index.php?rest_route=\/wp\/v2\/pages\/512","targetHints":{"allow":["GET"]}}],"collection":[{"href":"https:\/\/kunst-werk-ingolstadt.de\/index.php?rest_route=\/wp\/v2\/pages"}],"about":[{"href":"https:\/\/kunst-werk-ingolstadt.de\/index.php?rest_route=\/wp\/v2\/types\/page"}],"author":[{"embeddable":true,"href":"https:\/\/kunst-werk-ingolstadt.de\/index.php?rest_route=\/wp\/v2\/users\/2"}],"replies":[{"embeddable":true,"href":"https:\/\/kunst-werk-ingolstadt.de\/index.php?rest_route=%2Fwp%2Fv2%2Fcomments&post=512"}],"version-history":[{"count":6,"href":"https:\/\/kunst-werk-ingolstadt.de\/index.php?rest_route=\/wp\/v2\/pages\/512\/revisions"}],"predecessor-version":[{"id":1209,"href":"https:\/\/kunst-werk-ingolstadt.de\/index.php?rest_route=\/wp\/v2\/pages\/512\/revisions\/1209"}],"wp:attachment":[{"href":"https:\/\/kunst-werk-ingolstadt.de\/index.php?rest_route=%2Fwp%2Fv2%2Fmedia&parent=512"}],"curies":[{"name":"wp","href":"https:\/\/api.w.org\/{rel}","templated":true}]}}